{"id":23,"date":"2022-02-04T12:26:19","date_gmt":"2022-02-04T12:26:19","guid":{"rendered":"https:\/\/sistemoto.net\/?page_id=23"},"modified":"2022-02-04T14:24:38","modified_gmt":"2022-02-04T14:24:38","slug":"about","status":"publish","type":"page","link":"https:\/\/sistemoto.net\/?page_id=23","title":{"rendered":"Hakk\u0131m\u0131zda"},"content":{"rendered":"<div class=\"col-md-6 col-sm-6 col-xs-12\">\n<div class=\"about-img-area wow fadeInDown animated animated animated animated animated\" style=\"visibility: visible; animation-delay: 0.4s; animation-name: fadeInDown;\" data-wow-delay=\"0.4s\"><img loading=\"lazy\" decoding=\"async\" class=\"size-medium wp-image-58 alignleft\" src=\"https:\/\/sistemoto.net\/wp-content\/uploads\/2022\/02\/ssss1-225x300.jpg\" alt=\"\" width=\"225\" height=\"300\" srcset=\"https:\/\/sistemoto.net\/wp-content\/uploads\/2022\/02\/ssss1-225x300.jpg 225w, https:\/\/sistemoto.net\/wp-content\/uploads\/2022\/02\/ssss1-768x1024.jpg 768w, https:\/\/sistemoto.net\/wp-content\/uploads\/2022\/02\/ssss1-1152x1536.jpg 1152w, https:\/\/sistemoto.net\/wp-content\/uploads\/2022\/02\/ssss1-1536x2048.jpg 1536w, https:\/\/sistemoto.net\/wp-content\/uploads\/2022\/02\/ssss1-scaled.jpg 1920w\" sizes=\"auto, (max-width: 225px) 100vw, 225px\" \/><\/div>\n<\/div>\n<div class=\"col-md-6 col-sm-6 col-xs-12 wow fadeInDown animated animated animated animated animated\" style=\"visibility: visible; animation-delay: 0.4s; animation-name: fadeInDown;\" data-wow-delay=\"0.4s\">\n<h2>Biz Kimiz ?<\/h2>\n<p>Sistem Oto 38 ailesi olarak 90 l\u0131 y\u0131llar\u0131n sonunda ticari ser\u00fcvenimize ba\u015flad\u0131k.Elektrik Elektronik G\u00f6r\u00fcnt\u00fcl\u00fc ve Sesli M\u00fczik Sistemleri,Detayl\u0131 Ara\u00e7 Bak\u0131m\u0131 ve Tamirat\u0131 \u00fczerine y\u0131llarca hizmet verdik.Hali haz\u0131rda devam eden ve giderek geni\u015fleyen bu hizmetlerimizin yan\u0131 s\u0131ra m\u00fc\u015fterilerimizin ve piyasan\u0131n da taleplerini de f\u0131rsat bilerek \u015fubele\u015fmeye karar verdik.\u200b2013 y\u0131l\u0131nda \u015fubele\u015fmeye gittik ve S\u0130STEM OTO 38 AKSESUAR ad\u0131yla Kayseri&#8217;nin ve \u0130\u00e7 Anadolu&#8217;nun ihtiya\u00e7 duydu\u011fu Oto Aksesuar\/Oto Market hizmetini yerine getirmeye ba\u015flad\u0131k.\u015eirketimiz b\u00fcnyesindeki profesyonel elemanlar ile Amerikan Cam Filmi Uygulamas\u0131,Profesyonel Ses Sistemleri, Android&amp;Windows Multimedya Sistemleri , Body kit Uygulamalar\u0131 , Krom Aksesuar Uygulamalar\u0131 ve Oto K\u0131l\u0131f Uygulamalar\u0131m\u0131z\u0131 dikkatle ve \u00f6zenle uyguluyoruz. 2016 y\u0131l\u0131n\u0131n sonunda 3. \u015fubemizi de BYM JANT&amp;LAST\u0130K PROFESYONEL BOYA KORUMA ve DETAYLI TEM\u0130ZL\u0130K \u00fczerine hizmete a\u00e7t\u0131k. 2017 nin son aylar\u0131nda S\u0130STEM OTO AKESUAR -2- olan 4. \u015eubemizi de Kayseri&#8217;nin hizmetine sunduk.Farkl\u0131 \u00fcr\u00fcn \u00e7e\u015fidi ile Sundu\u011fumuz hizmetleri her ge\u00e7en g\u00fcn daha da kaliteli hale getirilerek m\u00fc\u015fterilerimizi memnun etmek amac\u0131yla profesyonel ekibimizle \u00e7al\u0131\u015fmaktay\u0131z.\u200b2020 y\u0131l\u0131n\u0131n ba\u015f\u0131nda t\u00fcm \u015fubelerimizi tek \u00e7at\u0131 alt\u0131nda toplayarak m\u00fc\u015fterilerimize daha iyi hizmet verebilmek ad\u0131na b\u00fcy\u00fck bir ad\u0131m att\u0131k.\u200b2020 y\u0131l\u0131n\u0131n sonunda temellerini att\u0131\u011f\u0131m\u0131z 2000 m2 kapal\u0131 alan\u0131 olan,\u0130\u00e7 Anadoluya ve t\u00fcm T\u00fcrkiyeye hizmet verecek olan S\u0130STEM OTO 38 TOPTAN MA\u011eAZA m\u0131z\u0131 siz de\u011ferli m\u00fc\u015fterilerimizin hizmetine sunduk.<\/p>\n<\/div>\n","protected":false},"excerpt":{"rendered":"<p>Biz Kimiz ? Sistem Oto 38 ailesi olarak 90 l\u0131 y\u0131llar\u0131n sonunda ticari ser\u00fcvenimize ba\u015flad\u0131k.Elektrik Elektronik G\u00f6r\u00fcnt\u00fcl\u00fc ve Sesli M\u00fczik Sistemleri,Detayl\u0131 Ara\u00e7 Bak\u0131m\u0131 ve Tamirat\u0131 \u00fczerine y\u0131llarca hizmet verdik.Hali haz\u0131rda devam eden ve giderek geni\u015fleyen bu hizmetlerimizin yan\u0131 s\u0131ra m\u00fc\u015fterilerimizin ve piyasan\u0131n da taleplerini de f\u0131rsat bilerek \u015fubele\u015fmeye karar verdik.\u200b2013 y\u0131l\u0131nda \u015fubele\u015fmeye gittik ve S\u0130STEM<\/p><\/div>\n<div class=\"blog-btn\"><a href=\"https:\/\/sistemoto.net\/?page_id=23\" class=\"home-blog-btn\">Daha fazlas\u0131n\u0131 oku<\/a><\/p>\n","protected":false},"author":1,"featured_media":0,"parent":0,"menu_order":0,"comment_status":"closed","ping_status":"closed","template":"template\/template-about.php","meta":{"footnotes":""},"class_list":["post-23","page","type-page","status-publish","hentry"],"_links":{"self":[{"href":"https:\/\/sistemoto.net\/index.php?rest_route=\/wp\/v2\/pages\/23","targetHints":{"allow":["GET"]}}],"collection":[{"href":"https:\/\/sistemoto.net\/index.php?rest_route=\/wp\/v2\/pages"}],"about":[{"href":"https:\/\/sistemoto.net\/index.php?rest_route=\/wp\/v2\/types\/page"}],"author":[{"embeddable":true,"href":"https:\/\/sistemoto.net\/index.php?rest_route=\/wp\/v2\/users\/1"}],"replies":[{"embeddable":true,"href":"https:\/\/sistemoto.net\/index.php?rest_route=%2Fwp%2Fv2%2Fcomments&post=23"}],"version-history":[{"count":1,"href":"https:\/\/sistemoto.net\/index.php?rest_route=\/wp\/v2\/pages\/23\/revisions"}],"predecessor-version":[{"id":59,"href":"https:\/\/sistemoto.net\/index.php?rest_route=\/wp\/v2\/pages\/23\/revisions\/59"}],"wp:attachment":[{"href":"https:\/\/sistemoto.net\/index.php?rest_route=%2Fwp%2Fv2%2Fmedia&parent=23"}],"curies":[{"name":"wp","href":"https:\/\/api.w.org\/{rel}","templated":true}]}}