{"id":26,"date":"2022-02-04T12:26:19","date_gmt":"2022-02-04T12:26:19","guid":{"rendered":"https:\/\/sistemoto.net\/?page_id=26"},"modified":"2022-02-08T11:33:02","modified_gmt":"2022-02-08T11:33:02","slug":"contact","status":"publish","type":"page","link":"https:\/\/sistemoto.net\/?page_id=26","title":{"rendered":"\u0130leti\u015fim"},"content":{"rendered":"<p>&nbsp;<\/p>\r\n<hr class=\"wp-block-separator\" \/>\r\n\r\n\r\n<div class=\"wp-block-columns is-layout-flex wp-container-core-columns-is-layout-9d6595d7 wp-block-columns-is-layout-flex\">\r\n<div class=\"wp-block-column is-layout-flow wp-block-column-is-layout-flow\">\r\n<p class=\"has-text-align-center\" style=\"text-align: center;\"><strong><strong>Y\u00f6netim Ve <\/strong><\/strong><br \/><strong><strong>Toptan \u015eubemiz\u00a0<\/strong><br \/>( Ebubekir<strong> Do\u011fan<\/strong> )<br \/><\/strong>0 (352) 336 66 60<\/p>\r\n<\/div>\r\n\r\n\r\n\r\n<div class=\"wp-block-column is-layout-flow wp-block-column-is-layout-flow\" style=\"text-align: center;\">\r\n<p class=\"has-text-align-center\"><strong>Orta Sanayi Uygulama \u015eubemiz\u00a0<\/strong><br \/>( <strong>Yal\u00e7\u0131n Do\u011fan<\/strong> )<br \/>+90 535 839 16 09<\/p>\r\n\r\n\r\n\r\n<p>&nbsp;<\/p>\r\n<\/div>\r\n\r\n\r\n\r\n<div class=\"wp-block-column is-layout-flow wp-block-column-is-layout-flow\">\r\n<p class=\"has-text-align-center\" style=\"text-align: center;\"><strong>Orta Sanayi Uygulama2-Modifiye-Mekanik \u015eubemiz\u00a0<\/strong><br \/>( <strong>Muhammet Do\u011fan<\/strong> )<br \/>+90 553 198 04 38<\/p>\r\n\r\n\r\n\r\n<p style=\"text-align: center;\">\u00a0<\/p>\r\n<\/div>\r\n<\/div>\r\n\r\n\r\n<hr class=\"wp-block-separator\" \/>\r\n\r\n\r\n<h2 class=\"wp-block-heading\" id=\"yonetim-ve-toptan-subemiz\" style=\"text-align: center;\">Orta Sanayi \u015eubelerimiz<\/h2>\r\n\r\n\r\n\r\n<p><iframe loading=\"lazy\" style=\"border: 0;\" src=\"https:\/\/www.google.com\/maps\/embed?pb=!1m18!1m12!1m3!1d3112.6933173471243!2d35.45501231565686!3d38.72484956470089!2m3!1f0!2f0!3f0!3m2!1i1024!2i768!4f13.1!3m3!1m2!1s0x152b11da1090afb1%3A0xf77556fa3bd77a11!2sSistem%20Oto%2038%20Aksesuar!5e0!3m2!1str!2str!4v1644311379082!5m2!1str!2str\" width=\"600\" height=\"450\" allowfullscreen=\"allowfullscreen\"><\/iframe><\/p>\r\n\r\n\r\n<hr class=\"wp-block-separator\" \/>\r\n\r\n\r\n<h2 class=\"wp-block-heading\" id=\"yonetim-ve-toptan-subemiz\" style=\"text-align: center;\">Y\u00f6netim Ve Toptan \u015eubemiz<\/h2>\r\n\r\n\r\n\r\n<p><iframe loading=\"lazy\" style=\"border: 0;\" src=\"https:\/\/www.google.com\/maps\/embed?pb=!1m18!1m12!1m3!1d2617.2491014738357!2d35.4516139469425!3d38.73040592124927!2m3!1f0!2f0!3f0!3m2!1i1024!2i768!4f13.1!3m3!1m2!1s0x152b11921d8ae3a9%3A0x2d7c6ffdf2fdd76c!2sSistem%20Oto%2038%20Y%C3%B6netim%20Ve%20Toptan!5e0!3m2!1str!2str!4v1644313485084!5m2!1str!2str\" width=\"600\" height=\"450\" allowfullscreen=\"allowfullscreen\"><\/iframe><\/p>\r\n","protected":false},"excerpt":{"rendered":"<p>&nbsp; Y\u00f6netim Ve Toptan \u015eubemiz\u00a0( Ebubekir Do\u011fan )0 (352) 336 66 60 Orta Sanayi Uygulama \u015eubemiz\u00a0( Yal\u00e7\u0131n Do\u011fan )+90 535 839 16 09 &nbsp; Orta Sanayi Uygulama2-Modifiye-Mekanik \u015eubemiz\u00a0( Muhammet Do\u011fan )+90 553 198 04 38 \u00a0 Orta Sanayi \u015eubelerimiz Y\u00f6netim Ve Toptan \u015eubemiz<\/p>\n","protected":false},"author":1,"featured_media":43,"parent":0,"menu_order":0,"comment_status":"closed","ping_status":"closed","template":"template\/template-contact.php","meta":{"footnotes":""},"class_list":["post-26","page","type-page","status-publish","has-post-thumbnail","hentry"],"_links":{"self":[{"href":"https:\/\/sistemoto.net\/index.php?rest_route=\/wp\/v2\/pages\/26","targetHints":{"allow":["GET"]}}],"collection":[{"href":"https:\/\/sistemoto.net\/index.php?rest_route=\/wp\/v2\/pages"}],"about":[{"href":"https:\/\/sistemoto.net\/index.php?rest_route=\/wp\/v2\/types\/page"}],"author":[{"embeddable":true,"href":"https:\/\/sistemoto.net\/index.php?rest_route=\/wp\/v2\/users\/1"}],"replies":[{"embeddable":true,"href":"https:\/\/sistemoto.net\/index.php?rest_route=%2Fwp%2Fv2%2Fcomments&post=26"}],"version-history":[{"count":4,"href":"https:\/\/sistemoto.net\/index.php?rest_route=\/wp\/v2\/pages\/26\/revisions"}],"predecessor-version":[{"id":77,"href":"https:\/\/sistemoto.net\/index.php?rest_route=\/wp\/v2\/pages\/26\/revisions\/77"}],"wp:featuredmedia":[{"embeddable":true,"href":"https:\/\/sistemoto.net\/index.php?rest_route=\/wp\/v2\/media\/43"}],"wp:attachment":[{"href":"https:\/\/sistemoto.net\/index.php?rest_route=%2Fwp%2Fv2%2Fmedia&parent=26"}],"curies":[{"name":"wp","href":"https:\/\/api.w.org\/{rel}","templated":true}]}}