{"id":27,"date":"2022-02-04T12:26:19","date_gmt":"2022-02-04T12:26:19","guid":{"rendered":"https:\/\/sistemoto.net\/?page_id=27"},"modified":"2022-02-07T14:06:49","modified_gmt":"2022-02-07T14:06:49","slug":"portfolio","status":"publish","type":"page","link":"https:\/\/sistemoto.net\/?page_id=27","title":{"rendered":"\u00c7\u00f6z\u00fcm Ortaklar\u0131m\u0131z"},"content":{"rendered":"<p><img loading=\"lazy\" decoding=\"async\" class=\"alignnone size-full wp-image-63\" src=\"https:\/\/sistemoto.net\/wp-content\/uploads\/2022\/02\/Untitled-1.jpg\" alt=\"\" width=\"1460\" height=\"566\" srcset=\"https:\/\/sistemoto.net\/wp-content\/uploads\/2022\/02\/Untitled-1.jpg 1460w, https:\/\/sistemoto.net\/wp-content\/uploads\/2022\/02\/Untitled-1-300x116.jpg 300w, https:\/\/sistemoto.net\/wp-content\/uploads\/2022\/02\/Untitled-1-1024x397.jpg 1024w, https:\/\/sistemoto.net\/wp-content\/uploads\/2022\/02\/Untitled-1-768x298.jpg 768w\" sizes=\"auto, (max-width: 1460px) 100vw, 1460px\" \/><\/p>\n\n\n<p><\/p>\n","protected":false},"excerpt":{"rendered":"","protected":false},"author":1,"featured_media":0,"parent":0,"menu_order":0,"comment_status":"closed","ping_status":"closed","template":"template\/template-page-full-width.php","meta":{"footnotes":""},"class_list":["post-27","page","type-page","status-publish","hentry"],"_links":{"self":[{"href":"https:\/\/sistemoto.net\/index.php?rest_route=\/wp\/v2\/pages\/27","targetHints":{"allow":["GET"]}}],"collection":[{"href":"https:\/\/sistemoto.net\/index.php?rest_route=\/wp\/v2\/pages"}],"about":[{"href":"https:\/\/sistemoto.net\/index.php?rest_route=\/wp\/v2\/types\/page"}],"author":[{"embeddable":true,"href":"https:\/\/sistemoto.net\/index.php?rest_route=\/wp\/v2\/users\/1"}],"replies":[{"embeddable":true,"href":"https:\/\/sistemoto.net\/index.php?rest_route=%2Fwp%2Fv2%2Fcomments&post=27"}],"version-history":[{"count":2,"href":"https:\/\/sistemoto.net\/index.php?rest_route=\/wp\/v2\/pages\/27\/revisions"}],"predecessor-version":[{"id":64,"href":"https:\/\/sistemoto.net\/index.php?rest_route=\/wp\/v2\/pages\/27\/revisions\/64"}],"wp:attachment":[{"href":"https:\/\/sistemoto.net\/index.php?rest_route=%2Fwp%2Fv2%2Fmedia&parent=27"}],"curies":[{"name":"wp","href":"https:\/\/api.w.org\/{rel}","templated":true}]}}